{"id":1349,"date":"2018-10-20T09:07:24","date_gmt":"2018-10-20T09:07:24","guid":{"rendered":"https:\/\/www.younox.com\/?page_id=1349"},"modified":"2021-12-31T16:53:26","modified_gmt":"2021-12-31T16:53:26","slug":"help-center","status":"publish","type":"page","link":"https:\/\/www.younox.com\/de\/help-center\/","title":{"rendered":"Help Center"},"content":{"rendered":"<h2>Brauchen Sie Hilfe?<\/h2>\n<p><script language=\"JavaScript\" type=\"text\/javascript\">var pref = '&#109;a' + 'i&#108;' + '&#116;o';var attribut = 'hr' + 'ef' + '='; var first = '%73%75%70%70%6F%72%74'; var at = '%40'; var last = '&#x79;&#x6F;&#x75;&#x6E;&#x6F;&#x78;&#x2E;&#x63;&#x6F;&#x6D;';var first2 = '&#x73;&#x75;&#x70;&#x70;&#x6F;&#x72;&#x74;'; var at2 = '&#x40;'; var last2 = '&#121;&#111;&#117;&#110;&#111;&#120;&#46;&#99;&#111;&#109;';document.write( '<a ' + attribut + '\\'' + pref + ':' + first + at + last + '?subject=Anfrage\\'>' );document.write( 'Kontaktieren Sie uns per E-Mail' ); document.write( '<\\\/a>' ); <\/script><noscript>&amp;amp;lt;br \/&amp;amp;gt;&amp;lt;br \/&amp;gt;&lt;br \/&gt;<br \/>\n&amp;amp;lt;span style=&#8217;display:none; &#8218;&amp;amp;gt;are-&amp;amp;lt;\/span&amp;amp;gt;&amp;amp;lt;span style=&#8217;display:inline; &#8218;&amp;amp;gt;&amp;amp;amp;#x73;&amp;amp;amp;#x75;&amp;amp;amp;#x70;&amp;amp;amp;#x70;&amp;amp;amp;#x6F;&amp;amp;amp;#x72;&amp;amp;amp;#x74;&amp;amp;lt;\/span&amp;amp;gt;&amp;amp;lt;span style=&#8217;display:none; &#8218;&amp;amp;gt;-xya34&amp;amp;lt;\/span&amp;amp;gt;&amp;amp;lt;span style=&#8217;display:inline; &#8218;&amp;amp;gt;[at]&amp;amp;lt;\/span&amp;amp;gt;&amp;amp;lt;span style=&#8217;display:none; &#8218;&amp;amp;gt;ddks-&amp;amp;lt;\/span&amp;amp;gt;&amp;amp;lt;span style=&#8217;display:inline; &#8218;&amp;amp;gt;&amp;amp;amp;#121;&amp;amp;amp;#111;&amp;amp;amp;#117;&amp;amp;amp;#110;&amp;amp;amp;#111;&amp;amp;amp;#120;&amp;amp;amp;#46;&amp;amp;amp;#99;&amp;amp;amp;#111;&amp;amp;amp;#109;&amp;amp;lt;\/span&amp;amp;gt; <\/noscript><br \/>\n<a href=\"\/contact\" target=\"_self\" rel=\"nofollow noopener noreferrer\">Er\u00f6ffnen Sie ein Ticket<\/a><\/p>\n<div style=\"width: 100%; margin-top: 3rem;\"><iframe id=\"i_frame\" style=\"width: 100%; height: 1400px;\" src=\"https:\/\/cc09.yp4y.net\/younox\/younox_sem\/f?p=YNXHELP:3:::::UI_LANG:de\" frameborder=\"0\" scrolling=\"auto\">Ihr Browser kann leider keine eingebetteten Frames anzeigen:<br \/>\nSie k\u00f6nnen die eingebettete Seite \u00fcber den folgenden Verweis<br \/>\naufrufen: <a href=\"https:\/\/cc09.yp4y.net\/younox\/younox_sem\/f?p=YNXHELP\">MY ACCOUNT<\/a><br \/>\n<\/iframe><\/div>\n<p><script>function checkIframeLoaded() {var iframe = document.getElementById('i_frame');var iframeDoc = iframe.contentDocument || iframe.contentWindow.document;if (  iframeDoc.readyState  == 'complete' ) {afterLoading();return;}window.setTimeout(checkIframeLoaded, 100);}function afterLoading(){jQuery('#site-loader').hide();}jQuery( document ).ready(function() {checkIframeLoaded();\/\/var iframeHeight = document.getElementById('i_frame');\/\/jQuery( '#i_frame' ).css( 'height', 150 + iframeHeight.contentWindow.document.body.scrollHeight );});<\/script><\/p>","protected":false},"excerpt":{"rendered":"<p>Brauchen Sie Hilfe? &amp;amp;lt;br \/&amp;amp;gt;&amp;lt;br \/&amp;gt;&lt;br \/&gt; &amp;amp;lt;span style=&#8217;display:none; &#8218;&amp;amp;gt;are-&amp;amp;lt;\/span&amp;amp;gt;&amp;amp;lt;span style=&#8217;display:inline; &#8218;&amp;amp;gt;&amp;amp;amp;#x73;&amp;amp;amp;#x75;&amp;amp;amp;#x70;&amp;amp;amp;#x70;&amp;amp;amp;#x6F;&amp;amp;amp;#x72;&amp;amp;amp;#x74;&amp;amp;lt;\/span&amp;amp;gt;&amp;amp;lt;span style=&#8217;display:none; &#8218;&amp;amp;gt;-xya34&amp;amp;lt;\/span&amp;amp;gt;&amp;amp;lt;span style=&#8217;display:inline; &#8218;&amp;amp;gt;[at]&amp;amp;lt;\/span&amp;amp;gt;&amp;amp;lt;span style=&#8217;display:none; &#8218;&amp;amp;gt;ddks-&amp;amp;lt;\/span&amp;amp;gt;&amp;amp;lt;span style=&#8217;display:inline; &#8218;&amp;amp;gt;&amp;amp;amp;#121;&amp;amp;amp;#111;&amp;amp;amp;#117;&amp;amp;amp;#110;&amp;amp;amp;#111;&amp;amp;amp;#120;&amp;amp;amp;#46;&amp;amp;amp;#99;&amp;amp;amp;#111;&amp;amp;amp;#109;&amp;amp;lt;\/span&amp;amp;gt; Er\u00f6ffnen Sie ein Ticket Ihr Browser kann leider keine eingebetteten Frames anzeigen: Sie k\u00f6nnen die eingebettete Seite \u00fcber den folgenden Verweis aufrufen: MY ACCOUNT<\/p>\n","protected":false},"author":1,"featured_media":0,"parent":0,"menu_order":0,"comment_status":"closed","ping_status":"closed","template":"templates\/full-width-page.php","meta":{"footnotes":""},"class_list":["post-1349","page","type-page","status-publish","hentry"],"yoast_head":"<!-- This site is optimized with the Yoast SEO plugin v20.5 - https:\/\/yoast.com\/wordpress\/plugins\/seo\/ -->\n<title>Help Center - younox.com - Einfach mehr Business<\/title>\n<meta name=\"robots\" content=\"index, follow, max-snippet:-1, max-image-preview:large, max-video-preview:-1\" \/>\n<link rel=\"canonical\" href=\"https:\/\/www.younox.com\/help-center\/\" \/>\n<meta property=\"og:locale\" content=\"de_DE\" \/>\n<meta property=\"og:type\" content=\"article\" \/>\n<meta property=\"og:title\" content=\"Help Center - younox.com - Einfach mehr Business\" \/>\n<meta property=\"og:description\" content=\"Brauchen Sie Hilfe? &amp;amp;lt;br \/&amp;amp;gt;&amp;lt;br \/&amp;gt;&lt;br \/&gt; &amp;amp;lt;span style=&#8217;display:none; &#8218;&amp;amp;gt;are-&amp;amp;lt;\/span&amp;amp;gt;&amp;amp;lt;span style=&#8217;display:inline; &#8218;&amp;amp;gt;&amp;amp;amp;#x73;&amp;amp;amp;#x75;&amp;amp;amp;#x70;&amp;amp;amp;#x70;&amp;amp;amp;#x6F;&amp;amp;amp;#x72;&amp;amp;amp;#x74;&amp;amp;lt;\/span&amp;amp;gt;&amp;amp;lt;span style=&#8217;display:none; &#8218;&amp;amp;gt;-xya34&amp;amp;lt;\/span&amp;amp;gt;&amp;amp;lt;span style=&#8217;display:inline; &#8218;&amp;amp;gt;[at]&amp;amp;lt;\/span&amp;amp;gt;&amp;amp;lt;span style=&#8217;display:none; &#8218;&amp;amp;gt;ddks-&amp;amp;lt;\/span&amp;amp;gt;&amp;amp;lt;span style=&#8217;display:inline; &#8218;&amp;amp;gt;&amp;amp;amp;#121;&amp;amp;amp;#111;&amp;amp;amp;#117;&amp;amp;amp;#110;&amp;amp;amp;#111;&amp;amp;amp;#120;&amp;amp;amp;#46;&amp;amp;amp;#99;&amp;amp;amp;#111;&amp;amp;amp;#109;&amp;amp;lt;\/span&amp;amp;gt; Er\u00f6ffnen Sie ein Ticket Ihr Browser kann leider keine eingebetteten Frames anzeigen: Sie k\u00f6nnen die eingebettete Seite \u00fcber den folgenden Verweis aufrufen: MY ACCOUNT\" \/>\n<meta property=\"og:url\" content=\"https:\/\/www.younox.com\/help-center\/\" \/>\n<meta property=\"og:site_name\" content=\"younox.com - Einfach mehr Business\" \/>\n<meta property=\"article:modified_time\" content=\"2021-12-31T16:53:26+00:00\" \/>\n<meta name=\"twitter:card\" content=\"summary_large_image\" \/>\n<meta name=\"twitter:label1\" content=\"Est. reading time\" \/>\n\t<meta name=\"twitter:data1\" content=\"1 Minute\" \/>\n<script type=\"application\/ld+json\" class=\"yoast-schema-graph\">{\"@context\":\"https:\/\/schema.org\",\"@graph\":[{\"@type\":\"WebPage\",\"@id\":\"https:\/\/www.younox.com\/help-center\/\",\"url\":\"https:\/\/www.younox.com\/help-center\/\",\"name\":\"Help Center - younox.com - Einfach mehr Business\",\"isPartOf\":{\"@id\":\"https:\/\/www.younox.com\/#website\"},\"datePublished\":\"2018-10-20T09:07:24+00:00\",\"dateModified\":\"2021-12-31T16:53:26+00:00\",\"breadcrumb\":{\"@id\":\"https:\/\/www.younox.com\/help-center\/#breadcrumb\"},\"inLanguage\":\"de-DE\",\"potentialAction\":[{\"@type\":\"ReadAction\",\"target\":[\"https:\/\/www.younox.com\/help-center\/\"]}]},{\"@type\":\"BreadcrumbList\",\"@id\":\"https:\/\/www.younox.com\/help-center\/#breadcrumb\",\"itemListElement\":[{\"@type\":\"ListItem\",\"position\":1,\"name\":\"Home\",\"item\":\"https:\/\/www.younox.com\/\"},{\"@type\":\"ListItem\",\"position\":2,\"name\":\"Help Center\"}]},{\"@type\":\"WebSite\",\"@id\":\"https:\/\/www.younox.com\/#website\",\"url\":\"https:\/\/www.younox.com\/\",\"name\":\"younox.com - Einfach mehr Business\",\"description\":\"\",\"publisher\":{\"@id\":\"https:\/\/www.younox.com\/#organization\"},\"potentialAction\":[{\"@type\":\"SearchAction\",\"target\":{\"@type\":\"EntryPoint\",\"urlTemplate\":\"https:\/\/www.younox.com\/?s={search_term_string}\"},\"query-input\":\"required name=search_term_string\"}],\"inLanguage\":\"de-DE\"},{\"@type\":\"Organization\",\"@id\":\"https:\/\/www.younox.com\/#organization\",\"name\":\"younox.com - Einfach mehr Business\",\"url\":\"https:\/\/www.younox.com\/\",\"logo\":{\"@type\":\"ImageObject\",\"inLanguage\":\"de-DE\",\"@id\":\"https:\/\/www.younox.com\/#\/schema\/logo\/image\/\",\"url\":\"https:\/\/www.younox.com\/wp-content\/uploads\/2018\/09\/cropped-logo.png\",\"contentUrl\":\"https:\/\/www.younox.com\/wp-content\/uploads\/2018\/09\/cropped-logo.png\",\"width\":761,\"height\":150,\"caption\":\"younox.com - Einfach mehr Business\"},\"image\":{\"@id\":\"https:\/\/www.younox.com\/#\/schema\/logo\/image\/\"}}]}<\/script>\n<!-- \/ Yoast SEO plugin. -->","yoast_head_json":{"title":"Help Center - younox.com - Einfach mehr Business","robots":{"index":"index","follow":"follow","max-snippet":"max-snippet:-1","max-image-preview":"max-image-preview:large","max-video-preview":"max-video-preview:-1"},"canonical":"https:\/\/www.younox.com\/help-center\/","og_locale":"de_DE","og_type":"article","og_title":"Help Center - younox.com - Einfach mehr Business","og_description":"Brauchen Sie Hilfe? &amp;amp;lt;br \/&amp;amp;gt;&amp;lt;br \/&amp;gt;&lt;br \/&gt; &amp;amp;lt;span style=&#8217;display:none; &#8218;&amp;amp;gt;are-&amp;amp;lt;\/span&amp;amp;gt;&amp;amp;lt;span style=&#8217;display:inline; &#8218;&amp;amp;gt;&amp;amp;amp;#x73;&amp;amp;amp;#x75;&amp;amp;amp;#x70;&amp;amp;amp;#x70;&amp;amp;amp;#x6F;&amp;amp;amp;#x72;&amp;amp;amp;#x74;&amp;amp;lt;\/span&amp;amp;gt;&amp;amp;lt;span style=&#8217;display:none; &#8218;&amp;amp;gt;-xya34&amp;amp;lt;\/span&amp;amp;gt;&amp;amp;lt;span style=&#8217;display:inline; &#8218;&amp;amp;gt;[at]&amp;amp;lt;\/span&amp;amp;gt;&amp;amp;lt;span style=&#8217;display:none; &#8218;&amp;amp;gt;ddks-&amp;amp;lt;\/span&amp;amp;gt;&amp;amp;lt;span style=&#8217;display:inline; &#8218;&amp;amp;gt;&amp;amp;amp;#121;&amp;amp;amp;#111;&amp;amp;amp;#117;&amp;amp;amp;#110;&amp;amp;amp;#111;&amp;amp;amp;#120;&amp;amp;amp;#46;&amp;amp;amp;#99;&amp;amp;amp;#111;&amp;amp;amp;#109;&amp;amp;lt;\/span&amp;amp;gt; Er\u00f6ffnen Sie ein Ticket Ihr Browser kann leider keine eingebetteten Frames anzeigen: Sie k\u00f6nnen die eingebettete Seite \u00fcber den folgenden Verweis aufrufen: MY ACCOUNT","og_url":"https:\/\/www.younox.com\/help-center\/","og_site_name":"younox.com - Einfach mehr Business","article_modified_time":"2021-12-31T16:53:26+00:00","twitter_card":"summary_large_image","twitter_misc":{"Est. reading time":"1 Minute"},"schema":{"@context":"https:\/\/schema.org","@graph":[{"@type":"WebPage","@id":"https:\/\/www.younox.com\/help-center\/","url":"https:\/\/www.younox.com\/help-center\/","name":"Help Center - younox.com - Einfach mehr Business","isPartOf":{"@id":"https:\/\/www.younox.com\/#website"},"datePublished":"2018-10-20T09:07:24+00:00","dateModified":"2021-12-31T16:53:26+00:00","breadcrumb":{"@id":"https:\/\/www.younox.com\/help-center\/#breadcrumb"},"inLanguage":"de-DE","potentialAction":[{"@type":"ReadAction","target":["https:\/\/www.younox.com\/help-center\/"]}]},{"@type":"BreadcrumbList","@id":"https:\/\/www.younox.com\/help-center\/#breadcrumb","itemListElement":[{"@type":"ListItem","position":1,"name":"Home","item":"https:\/\/www.younox.com\/"},{"@type":"ListItem","position":2,"name":"Help Center"}]},{"@type":"WebSite","@id":"https:\/\/www.younox.com\/#website","url":"https:\/\/www.younox.com\/","name":"younox.com - Einfach mehr Business","description":"","publisher":{"@id":"https:\/\/www.younox.com\/#organization"},"potentialAction":[{"@type":"SearchAction","target":{"@type":"EntryPoint","urlTemplate":"https:\/\/www.younox.com\/?s={search_term_string}"},"query-input":"required name=search_term_string"}],"inLanguage":"de-DE"},{"@type":"Organization","@id":"https:\/\/www.younox.com\/#organization","name":"younox.com - Einfach mehr Business","url":"https:\/\/www.younox.com\/","logo":{"@type":"ImageObject","inLanguage":"de-DE","@id":"https:\/\/www.younox.com\/#\/schema\/logo\/image\/","url":"https:\/\/www.younox.com\/wp-content\/uploads\/2018\/09\/cropped-logo.png","contentUrl":"https:\/\/www.younox.com\/wp-content\/uploads\/2018\/09\/cropped-logo.png","width":761,"height":150,"caption":"younox.com - Einfach mehr Business"},"image":{"@id":"https:\/\/www.younox.com\/#\/schema\/logo\/image\/"}}]}},"_links":{"self":[{"href":"https:\/\/www.younox.com\/de\/wp-json\/wp\/v2\/pages\/1349"}],"collection":[{"href":"https:\/\/www.younox.com\/de\/wp-json\/wp\/v2\/pages"}],"about":[{"href":"https:\/\/www.younox.com\/de\/wp-json\/wp\/v2\/types\/page"}],"author":[{"embeddable":true,"href":"https:\/\/www.younox.com\/de\/wp-json\/wp\/v2\/users\/1"}],"replies":[{"embeddable":true,"href":"https:\/\/www.younox.com\/de\/wp-json\/wp\/v2\/comments?post=1349"}],"version-history":[{"count":0,"href":"https:\/\/www.younox.com\/de\/wp-json\/wp\/v2\/pages\/1349\/revisions"}],"wp:attachment":[{"href":"https:\/\/www.younox.com\/de\/wp-json\/wp\/v2\/media?parent=1349"}],"curies":[{"name":"wp","href":"https:\/\/api.w.org\/{rel}","templated":true}]}}